{"id":46,"date":"2024-10-29T16:30:38","date_gmt":"2024-10-29T16:30:38","guid":{"rendered":"https:\/\/www.aubiose.de\/wordpress\/?page_id=46"},"modified":"2024-10-29T16:34:26","modified_gmt":"2024-10-29T16:34:26","slug":"elementor-46","status":"publish","type":"page","link":"https:\/\/www.aubiose.de\/index.php\/elementor-46\/","title":{"rendered":"Impressum"},"content":{"rendered":"\t\t<div data-elementor-type=\"wp-page\" data-elementor-id=\"46\" class=\"elementor elementor-46\" data-elementor-settings=\"{&quot;element_pack_global_tooltip_width&quot;:{&quot;unit&quot;:&quot;px&quot;,&quot;size&quot;:&quot;&quot;,&quot;sizes&quot;:[]},&quot;element_pack_global_tooltip_width_tablet&quot;:{&quot;unit&quot;:&quot;px&quot;,&quot;size&quot;:&quot;&quot;,&quot;sizes&quot;:[]},&quot;element_pack_global_tooltip_width_mobile&quot;:{&quot;unit&quot;:&quot;px&quot;,&quot;size&quot;:&quot;&quot;,&quot;sizes&quot;:[]},&quot;element_pack_global_tooltip_padding&quot;:{&quot;unit&quot;:&quot;px&quot;,&quot;top&quot;:&quot;&quot;,&quot;right&quot;:&quot;&quot;,&quot;bottom&quot;:&quot;&quot;,&quot;left&quot;:&quot;&quot;,&quot;isLinked&quot;:true},&quot;element_pack_global_tooltip_padding_tablet&quot;:{&quot;unit&quot;:&quot;px&quot;,&quot;top&quot;:&quot;&quot;,&quot;right&quot;:&quot;&quot;,&quot;bottom&quot;:&quot;&quot;,&quot;left&quot;:&quot;&quot;,&quot;isLinked&quot;:true},&quot;element_pack_global_tooltip_padding_mobile&quot;:{&quot;unit&quot;:&quot;px&quot;,&quot;top&quot;:&quot;&quot;,&quot;right&quot;:&quot;&quot;,&quot;bottom&quot;:&quot;&quot;,&quot;left&quot;:&quot;&quot;,&quot;isLinked&quot;:true},&quot;element_pack_global_tooltip_border_radius&quot;:{&quot;unit&quot;:&quot;px&quot;,&quot;top&quot;:&quot;&quot;,&quot;right&quot;:&quot;&quot;,&quot;bottom&quot;:&quot;&quot;,&quot;left&quot;:&quot;&quot;,&quot;isLinked&quot;:true},&quot;element_pack_global_tooltip_border_radius_tablet&quot;:{&quot;unit&quot;:&quot;px&quot;,&quot;top&quot;:&quot;&quot;,&quot;right&quot;:&quot;&quot;,&quot;bottom&quot;:&quot;&quot;,&quot;left&quot;:&quot;&quot;,&quot;isLinked&quot;:true},&quot;element_pack_global_tooltip_border_radius_mobile&quot;:{&quot;unit&quot;:&quot;px&quot;,&quot;top&quot;:&quot;&quot;,&quot;right&quot;:&quot;&quot;,&quot;bottom&quot;:&quot;&quot;,&quot;left&quot;:&quot;&quot;,&quot;isLinked&quot;:true}}\" data-elementor-post-type=\"page\">\n\t\t\t\t<div class=\"elementor-element elementor-element-5d632d6 e-flex e-con-boxed e-con e-parent\" data-id=\"5d632d6\" data-element_type=\"container\">\n\t\t\t\t\t<div class=\"e-con-inner\">\n\t\t<div class=\"elementor-element elementor-element-0f8ea2c e-con-full e-flex e-con e-child\" data-id=\"0f8ea2c\" data-element_type=\"container\">\n\t\t\t\t<div class=\"elementor-element elementor-element-fde724c elementor-widget elementor-widget-heading\" data-id=\"fde724c\" data-element_type=\"widget\" data-widget_type=\"heading.default\">\n\t\t\t\t<div class=\"elementor-widget-container\">\n\t\t\t\t\t<h2 class=\"elementor-heading-title elementor-size-default\">AUBIOSE<\/h2>\t\t\t\t<\/div>\n\t\t\t\t<\/div>\n\t\t\t\t<div class=\"elementor-element elementor-element-89286b5 elementor-widget elementor-widget-text-editor\" data-id=\"89286b5\" data-element_type=\"widget\" data-widget_type=\"text-editor.default\">\n\t\t\t\t<div class=\"elementor-widget-container\">\n\t\t\t\t\t\t\t\t\t<p>Welps Esch 1<br \/>D-48369 Saerbeck<br \/>Tel.: +49 (0) 2574 88 89 80<br \/>Fax: +49 (0) 2574 88 89 818<br \/>E-Mail: info@Aubiose.de<br \/>Internet: www.aubiose.de<\/p>\t\t\t\t\t\t\t\t<\/div>\n\t\t\t\t<\/div>\n\t\t\t\t<\/div>\n\t\t<div class=\"elementor-element elementor-element-60af010 e-con-full e-flex e-con e-child\" data-id=\"60af010\" data-element_type=\"container\">\n\t\t\t\t<div class=\"elementor-element elementor-element-f46acd7 elementor-widget elementor-widget-text-editor\" data-id=\"f46acd7\" data-element_type=\"widget\" data-widget_type=\"text-editor.default\">\n\t\t\t\t<div class=\"elementor-widget-container\">\n\t\t\t\t\t\t\t\t\t<p>Umsatzsteuer-Identifikations-<br \/>nummer gem\u00e4\u00df \u00a7 27 a Umsatzsteuergesetz: <br \/>DE 264 140 092<\/p><p>Inhaltlich verantwortlich gem\u00e4\u00df \u00a7 6 MDStV:<br \/>G\u00fcnter Leugers.<\/p>\t\t\t\t\t\t\t\t<\/div>\n\t\t\t\t<\/div>\n\t\t\t\t<\/div>\n\t\t<div class=\"elementor-element elementor-element-c16cf7e e-con-full e-flex e-con e-child\" data-id=\"c16cf7e\" data-element_type=\"container\">\n\t\t\t\t<div class=\"elementor-element elementor-element-b9ece92 elementor-widget-divider--view-line elementor-widget elementor-widget-divider\" data-id=\"b9ece92\" data-element_type=\"widget\" data-widget_type=\"divider.default\">\n\t\t\t\t<div class=\"elementor-widget-container\">\n\t\t\t\t\t\t\t<div class=\"elementor-divider\">\n\t\t\t<span class=\"elementor-divider-separator\">\n\t\t\t\t\t\t<\/span>\n\t\t<\/div>\n\t\t\t\t\t\t<\/div>\n\t\t\t\t<\/div>\n\t\t\t\t<div class=\"elementor-element elementor-element-5981aa7 elementor-widget elementor-widget-text-editor\" data-id=\"5981aa7\" data-element_type=\"widget\" data-widget_type=\"text-editor.default\">\n\t\t\t\t<div class=\"elementor-widget-container\">\n\t\t\t\t\t\t\t\t\t<p>Das Copyright<br \/><br \/>Alle ver\u00f6ffentlichen Texte, Grafiken, Websteuerungen und Animationen sind urheberrechtlich gesch\u00fctzt und d\u00fcrfen ausschlie\u00dflich f\u00fcr private Ansichtszwecke verwendet werden. Das Copyright aller Werke auf diesem Server liegt bei der Hugro GmbH. Die ver\u00f6ffentlichen Texte, Grafiken, Websteuerungen und Animationen d\u00fcrfen weder im Ganzen noch auszugsweise kopiert oder weitergegeben werden. Lediglich das Kopieren auf die eigene Festplatte zum Zweck der schnelleren Programmausf\u00fchrung bzw. Ansicht ist erlaubt.<br \/>Alle ver\u00f6ffentlichen Texte, Grafiken, Websteuerungen und Animationen sind nur zum pers\u00f6nlichen Gebrauch bestimmt und d\u00fcrfen in keiner Form kommerziell verwendet werden. Sie d\u00fcrfen insbesondere nicht kopiert, verliehen, publiziert, \u00f6ffentlich vorgef\u00fchrt oder in Netzwerke eingespeist werden. Die Erlaubnis zur gewerblichen Nutzung sowie jegliche weitere Nutzung in gedruckter oder elektronischer Form wird ausschlie\u00dflich auf Anfrage erteilt. Die Anfrage ist direkt an die HUGRO GmbH, Herrn G\u00fcnter Leugers (guenter.leugers@hugro.de) zu richten.<br \/>Eine Erlaubnis gilt erst als dann erteilt, wenn dem Anfragenden eine schriftliche Zusage vorliegt. Mit dem \u00d6ffnen der Seiten werden die vorstehenden Bedingungen anerkannt!<\/p>\t\t\t\t\t\t\t\t<\/div>\n\t\t\t\t<\/div>\n\t\t\t\t<\/div>\n\t\t\t\t\t<\/div>\n\t\t\t\t<\/div>\n\t\t\t\t<\/div>\n\t\t","protected":false},"excerpt":{"rendered":"<p>AUBIOSE Welps Esch 1D-48369 SaerbeckTel.: +49 (0) 2574 88 89 80Fax: +49 (0) 2574 88 89 818E-Mail: info@Aubiose.deInternet: www.aubiose.de Umsatzsteuer-Identifikations-nummer gem\u00e4\u00df \u00a7 27 a Umsatzsteuergesetz: DE 264 140 092 Inhaltlich verantwortlich gem\u00e4\u00df \u00a7 6 MDStV:G\u00fcnter Leugers. Das Copyright Alle ver\u00f6ffentlichen Texte, Grafiken, Websteuerungen und Animationen sind urheberrechtlich gesch\u00fctzt und d\u00fcrfen ausschlie\u00dflich f\u00fcr private Ansichtszwecke verwendet [&hellip;]<\/p>\n","protected":false},"author":1,"featured_media":0,"parent":0,"menu_order":0,"comment_status":"closed","ping_status":"closed","template":"","meta":{"footnotes":""},"class_list":["post-46","page","type-page","status-publish","hentry"],"_links":{"self":[{"href":"https:\/\/www.aubiose.de\/index.php\/wp-json\/wp\/v2\/pages\/46","targetHints":{"allow":["GET"]}}],"collection":[{"href":"https:\/\/www.aubiose.de\/index.php\/wp-json\/wp\/v2\/pages"}],"about":[{"href":"https:\/\/www.aubiose.de\/index.php\/wp-json\/wp\/v2\/types\/page"}],"author":[{"embeddable":true,"href":"https:\/\/www.aubiose.de\/index.php\/wp-json\/wp\/v2\/users\/1"}],"replies":[{"embeddable":true,"href":"https:\/\/www.aubiose.de\/index.php\/wp-json\/wp\/v2\/comments?post=46"}],"version-history":[{"count":8,"href":"https:\/\/www.aubiose.de\/index.php\/wp-json\/wp\/v2\/pages\/46\/revisions"}],"predecessor-version":[{"id":54,"href":"https:\/\/www.aubiose.de\/index.php\/wp-json\/wp\/v2\/pages\/46\/revisions\/54"}],"wp:attachment":[{"href":"https:\/\/www.aubiose.de\/index.php\/wp-json\/wp\/v2\/media?parent=46"}],"curies":[{"name":"wp","href":"https:\/\/api.w.org\/{rel}","templated":true}]}}