{"id":3,"date":"2024-10-29T10:44:20","date_gmt":"2024-10-29T10:44:20","guid":{"rendered":"https:\/\/www.aubiose.de\/wordpress\/?page_id=3"},"modified":"2024-10-29T16:42:41","modified_gmt":"2024-10-29T16:42:41","slug":"privacy-policy","status":"publish","type":"page","link":"https:\/\/www.aubiose.de\/index.php\/privacy-policy\/","title":{"rendered":"Datenschutzerkl\u00e4rung"},"content":{"rendered":"\t\t<div data-elementor-type=\"wp-page\" data-elementor-id=\"3\" class=\"elementor elementor-3\" data-elementor-settings=\"{&quot;element_pack_global_tooltip_width&quot;:{&quot;unit&quot;:&quot;px&quot;,&quot;size&quot;:&quot;&quot;,&quot;sizes&quot;:[]},&quot;element_pack_global_tooltip_width_tablet&quot;:{&quot;unit&quot;:&quot;px&quot;,&quot;size&quot;:&quot;&quot;,&quot;sizes&quot;:[]},&quot;element_pack_global_tooltip_width_mobile&quot;:{&quot;unit&quot;:&quot;px&quot;,&quot;size&quot;:&quot;&quot;,&quot;sizes&quot;:[]},&quot;element_pack_global_tooltip_padding&quot;:{&quot;unit&quot;:&quot;px&quot;,&quot;top&quot;:&quot;&quot;,&quot;right&quot;:&quot;&quot;,&quot;bottom&quot;:&quot;&quot;,&quot;left&quot;:&quot;&quot;,&quot;isLinked&quot;:true},&quot;element_pack_global_tooltip_padding_tablet&quot;:{&quot;unit&quot;:&quot;px&quot;,&quot;top&quot;:&quot;&quot;,&quot;right&quot;:&quot;&quot;,&quot;bottom&quot;:&quot;&quot;,&quot;left&quot;:&quot;&quot;,&quot;isLinked&quot;:true},&quot;element_pack_global_tooltip_padding_mobile&quot;:{&quot;unit&quot;:&quot;px&quot;,&quot;top&quot;:&quot;&quot;,&quot;right&quot;:&quot;&quot;,&quot;bottom&quot;:&quot;&quot;,&quot;left&quot;:&quot;&quot;,&quot;isLinked&quot;:true},&quot;element_pack_global_tooltip_border_radius&quot;:{&quot;unit&quot;:&quot;px&quot;,&quot;top&quot;:&quot;&quot;,&quot;right&quot;:&quot;&quot;,&quot;bottom&quot;:&quot;&quot;,&quot;left&quot;:&quot;&quot;,&quot;isLinked&quot;:true},&quot;element_pack_global_tooltip_border_radius_tablet&quot;:{&quot;unit&quot;:&quot;px&quot;,&quot;top&quot;:&quot;&quot;,&quot;right&quot;:&quot;&quot;,&quot;bottom&quot;:&quot;&quot;,&quot;left&quot;:&quot;&quot;,&quot;isLinked&quot;:true},&quot;element_pack_global_tooltip_border_radius_mobile&quot;:{&quot;unit&quot;:&quot;px&quot;,&quot;top&quot;:&quot;&quot;,&quot;right&quot;:&quot;&quot;,&quot;bottom&quot;:&quot;&quot;,&quot;left&quot;:&quot;&quot;,&quot;isLinked&quot;:true}}\" data-elementor-post-type=\"page\">\n\t\t\t\t<div class=\"elementor-element elementor-element-6b3296f4 e-flex e-con-boxed e-con e-parent\" data-id=\"6b3296f4\" data-element_type=\"container\">\n\t\t\t\t\t<div class=\"e-con-inner\">\n\t\t\t\t<div class=\"elementor-element elementor-element-419a5830 elementor-widget elementor-widget-text-editor\" data-id=\"419a5830\" data-element_type=\"widget\" data-widget_type=\"text-editor.default\">\n\t\t\t\t<div class=\"elementor-widget-container\">\n\t\t\t\t\t\t\t\t\t\n<h5 class=\"wp-block-heading\">I Grundsatz<\/h5>\n<p>Wir nehmen den Schutz Ihrer pers\u00f6nlichen Daten sehr ernst. Wir behandeln Ihre personenbezogenen Daten stets vertraulich und entsprechend der gesetzlichen EU-Datenschutz-Grundverordnung (DSGVO) sowie dieser Datenschutzerkl\u00e4rung.<\/p>\n<p>Wir erheben, verarbeiten und nutzen nur personenbezogene Daten, soweit Sie darin eingewilligt haben oder ein Gesetz dies erlaubt.<\/p>\n<p>Wir weisen darauf hin, dass die Daten\u00fcbertragung im Internet (z.B. bei der Kommunikation per E-Mail) Sicherheitsl\u00fccken aufweisen kann. Ein l\u00fcckenloser Schutz der Daten vor dem Zugriff durch Dritte ist nicht m\u00f6glich.<\/p>\n<h5>II Verantwortliche Stelle<\/h5>\n<p>Verantwortliche Stelle im Sinne der Datenschutz-Grundverordnung ist:<\/p>\n<p>HUGRO GmbH<br \/>Industriegebiet Nord<br \/>Welps Esch 1<br \/>48369 Saerbeck<\/p>\n<p>Telefon: +49 (0) 2574 88 89 80<\/p>\n<p>E-Mail: info@hugro.de<\/p>\n<p>Website: www.hugro.de<\/p>\n<h5>III Erhebung, Verarbeitung und Nutzung personenbezogener Daten<\/h5>\n<p>III a) Sie k\u00f6nnen unsere Seite besuchen, ohne Angaben zu Ihrer Person zu machen.<\/p>\n<p>Wir erheben, speichern, ver\u00e4ndern oder \u00fcbermitteln personenbezogene Daten oder nutzen diese als Mittel zur Erf\u00fcllung eigener Gesch\u00e4ftszwecke, wenn dies f\u00fcr die Durchf\u00fchrung des Auftrages erforderlich ist. Zu den personenbezogenen Daten z\u00e4hlen:<\/p>\n<p>Vorname<br \/>Name<br \/>Firma<br \/>Telefonnummer<br \/>E-Mail-Adresse<br \/>Ihre Anfrage<\/p>\n<p>Diese Daten erheben und nutzen wir, um mit Ihnen Kontakt aufzunehmen und Ihre Anfrage zu bearbeiten.<\/p>\n<p>III b) Erstellung von Logfiles<\/p>\n<p>Bei jedem Aufruf unserer Website erfasst unser Unternehmen mit Hilfe eines automatischen Systems Daten und Informationen. Diese Daten werten wir f\u00fcr unsere Besucherstatistik und die Gew\u00e4hrleistung einer funktionsf\u00e4higen Website aus. Die Daten werden in den Logfiles des Servers gespeichert.<\/p>\n<p>Folgende Daten k\u00f6nnen erhoben werden:<\/p>\n<p>Informationen \u00fcber den Browsertyp<br \/>das verwendete Betriebssystem des Nutzers<br \/>den Internet-Service Provider des Nutzers<br \/>die IP-Adresse des Nutzers<br \/>Datum und Uhrzeit des Zugriffs<br \/>URL, die der Besucher unmittelbar zuvor besucht hat und von denen er auf diese Website gelangt ist (Referrer)<br \/>Wir gew\u00e4hrleisten, dass die Daten der Logfiles stets getrennt von anderen personenbezogenen Daten der Nutzer gespeichert werden.<\/p>\n<p>III c) Kontaktformular<\/p>\n<p>Wenn Sie uns per Kontaktformular Anfragen zukommen lassen, werden Ihre Angaben aus dem Anfrageformular inklusive der von Ihnen dort angegebenen Kontaktdaten zwecks Bearbeitung der Anfrage und f\u00fcr den Fall von Anschlussfragen bei uns gespeichert. Diese Daten geben wir nicht ohne Ihre Einwilligung weiter.<\/p>\n<h5>IV Verwendung von Cookies<\/h5>\n<p>Die Internetseite des Unternehmens Hugro GmbH verwendet teilweise sogenannte Cookies. Cookies richten auf Ihrem Rechner keinen Schaden an und enthalten keine Viren. Cookies dienen dazu, unser Angebot nutzerfreundlicher, effektiver und sicherer zu machen. Cookies sind kleine Textdateien, die auf Ihrem Rechner abgelegt werden. Ihr Browser speichert diese.<\/p>\n<p>Die meisten der von uns verwendeten Cookies sind so genannte \u201eSession-Cookies\u201c. Sie werden nach Ende Ihres Besuchs automatisch gel\u00f6scht. Andere Cookies bleiben auf Ihrem Endger\u00e4t gespeichert, bis Sie diese l\u00f6schen. Diese Cookies erm\u00f6glichen es uns, Ihren Browser beim n\u00e4chsten Besuch wiederzuerkennen.<\/p>\n<p>Jederzeit k\u00f6nnen Sie der Setzung von Cookies in Ihrem Browser widersprechen. Sie werden dann vorab informiert und k\u00f6nnen Cookies im Einzelfall erlauben oder generell ausschlie\u00dfen. Auch die dauerhafte L\u00f6schung ist m\u00f6glich. Bei der Deaktivierung von Cookies kann die Funktionalit\u00e4t dieser Website allerdings eingeschr\u00e4nkt sein.<\/p>\n<h5>V Auskunft, L\u00f6schung und Sperrung<\/h5>\n<p>V a) Routinem\u00e4\u00dfige L\u00f6schung und Sperrung von personenbezogenen Daten<\/p>\n<p>Wir als Verantwortliche verarbeiten und speichern personenbezogene Daten nur solange, wie es zur Erreichung des Speicherzwecks notwendig ist. Eine Speicherung kann auch dann erfolgen, wenn es durch den europ\u00e4ischen oder nationalen Gesetzgeber vorgesehen wurde.<\/p>\n<p>Sobald der Speicherzweck entf\u00e4llt oder durch eine vorgeschriebene Speicherfrist abl\u00e4uft, werden die personenbezogenen Daten routinem\u00e4\u00dfig gesperrt oder gel\u00f6scht.<\/p>\n<h5>VI Rechte der betroffenen Person<\/h5>\n<p>Werden Ihre personenbezogenen Daten verarbeitet, sind Sie Betroffener nach Regeln des DSGVO.<\/p>\n<p>Sie haben jederzeit das Recht auf unentgeltliche Auskunft \u00fcber Ihre gespeicherten personenbezogenen Daten, deren Herkunft und Empf\u00e4nger und den Zweck der Datenverarbeitung sowie ein Recht auf Berichtigung, Sperrung oder L\u00f6schung dieser Daten.<\/p>\n<p>VI a) Auskunftsrecht<\/p>\n<p>Sie k\u00f6nnen vom Verantwortlichen dieser Website eine Best\u00e4tigung verlangen, ob personenbezogene Daten von uns verarbeitet werden.<\/p>\n<p>Liegt eine Verarbeitung der personenbezogenen Daten vor, k\u00f6nnen sie \u00fcber folgende Informationen Auskunft verlangen:<\/p>\n<p>der Zweck der Datenverarbeitung<br \/>die Kategorien der Datenverarbeitung<br \/>die Empf\u00e4nger, denen gegen\u00fcber die Sie betreffenden Daten offengelegt wurden<br \/>geplante Dauer der Speicherung oder, falls konkrete Angaben nicht m\u00f6glich sind, die Kriterien f\u00fcr die Festlegung der Speicherdauer<br \/>das Bestehen auf das Recht der Berichtigung oder L\u00f6schung der Sie betreffenden Daten oder des Rechts auf Einschr\u00e4nkung der Verarbeitung durch den Verantwortlichen<br \/>das Bestehen eines Beschwerderechts bei einer Aufsichtsbeh\u00f6rde<br \/>alle Informationen \u00fcber die Datenherkunft, wenn die Daten nicht bei der betroffenen Person erhoben wurden<br \/>das Bestehen einer automatisierten Entscheidungsfindung einschlie\u00dflich Profiling<br \/>Ihnen steht ebenso das Recht zu, Auskunft zu verlangen, ob Ihre personenbezogenen Daten in ein Drittland oder an eine internationale Organisation \u00fcbermittelt wurden.<\/p>\n<p>VI b) Recht auf Berichtigung<\/p>\n<p>Sie haben jederzeit ein Recht auf Berichtigung und\/oder Vervollst\u00e4ndigung gegen\u00fcber dem Verantwortlichen, sollten die personenbezogenen Daten unrichtig oder unvollst\u00e4ndig sein. Der Verantwortliche hat die Berichtigung unverz\u00fcglich umzusetzen.<\/p>\n<p>VI c) Recht auf L\u00f6schung<\/p>\n<p>Sie k\u00f6nnen vom Verantwortlichen verlangen, dass Ihre personenbezogenen Daten unverz\u00fcglich gel\u00f6scht werden. Treffen die folgenden Gr\u00fcnde zu, ist der Verantwortliche verpflichtet, diese Daten unverz\u00fcglich zu l\u00f6schen:<\/p>\n<p>die personenbezogenen Daten sind f\u00fcr Zwecke, f\u00fcr die sie erhoben wurden, nicht mehr notwendig<br \/>Sie widerrufen Ihre Einwilligung, die die Verarbeitung erlaubte oder es fehlt an einer Rechtsgrundlage f\u00fcr die Verarbeitung<br \/>Sie legen Widerspruch gegen die Verarbeitung ein und es liegen keine berechtigten Gr\u00fcnde der Verarbeitung vor<br \/>die personenbezogenen Daten wurden unrechtm\u00e4\u00dfig verarbeitet<\/p>\n<p>VI d) Recht auf Unterrichtung<\/p>\n<p>Haben Sie Ihr Recht auf Berichtigung, L\u00f6schung oder einschr\u00e4nkende Verarbeitung geltend gemacht, ist der Verantwortliche verpflichtet, allen Empf\u00e4nger, die Ihre personenbezogenen Daten erhalten haben, die Berichtigung oder L\u00f6schung Ihrer Daten mitzuteilen. Ihnen steht das Recht zu, \u00fcber die Empf\u00e4nger unterrichtet zu werden.<\/p>\n<h5>VII Ansprechpartner f\u00fcr Datenschutz<\/h5>\n<p>Bei Fragen zur Erhebung, Verarbeitung oder Nutzung Ihrer personenbezogenen Daten, bei Ausk\u00fcnften, Berichtigung, Sperrung oder L\u00f6schung von Daten wenden Sie sich bitte an:<\/p>\n<p>G\u00fcnter Leugers<\/p>\n<p>HUGRO GmbH<\/p>\n<p>Industriegebiet Nord<\/p>\n<p>Welps Esch 1<br \/>48369 Saerbeck<\/p>\n<p>Deutschland<\/p>\n<p>Telefon: +49 (0) 2574 88 89 80<\/p>\n<p>E-Mail: info@hugro.de<\/p>\n<h5>VIII Datenschutzerkl\u00e4rung f\u00fcr die Nutzung von Google Analytics<\/h5>\n<p>Diese Website nutzt Funktionen des Webanalysedienstes Google Analytics. Anbieter ist die Google Inc. 1600 Amphitheatre Parkway Mountain View, CA 94043, USA. Google Analytics verwendet sogenannte \u201eCookies\u201c. Das sind Textdateien, die auf Ihrem Computer gespeichert werden und die eine Analyse der Benutzung der Website durch Sie erm\u00f6glichen. Die durch den Cookie erzeugten Informationen \u00fcber Ihre Benutzung dieser Website werden in der Regel an einen Server von Google in den USA \u00fcbertragen und dort gespeichert.<\/p>\n<p>Im Falle der Aktivierung der IP-Anonymisierung auf dieser Webseite wird Ihre IP-Adresse von Google jedoch innerhalb von Mitgliedstaaten der Europ\u00e4ischen Union oder in anderen Vertragsstaaten des Abkommens \u00fcber den Europ\u00e4ischen Wirtschaftsraum zuvor gek\u00fcrzt. Nur in Ausnahmef\u00e4llen wird die volle IP-Adresse an einen Server von Google in den USA \u00fcbertragen und dort gek\u00fcrzt. Im Auftrag des Betreibers dieser Website wird Google diese Informationen benutzen, um Ihre Nutzung der Website auszuwerten, um Reports \u00fcber die Websiteaktivit\u00e4ten zusammenzustellen und um weitere mit der Websitenutzung und der Internetnutzung verbundene Dienstleistungen gegen\u00fcber dem Websitebetreiber zu erbringen. Die im Rahmen von Google Analytics von Ihrem Browser \u00fcbermittelte IP-Adresse wird nicht mit anderen Daten von Google zusammengef\u00fchrt.<\/p>\n<p>Sie k\u00f6nnen die Speicherung der Cookies durch eine entsprechende Einstellung Ihrer Browser-Software verhindern; wir weisen Sie jedoch darauf hin, dass Sie in diesem Fall gegebenenfalls nicht s\u00e4mtliche Funktionen dieser Website vollumf\u00e4nglich werden nutzen k\u00f6nnen. Sie k\u00f6nnen dar\u00fcber hinaus die Erfassung der durch das Cookie erzeugten und auf Ihre Nutzung der Website bezogenen Daten (inkl. Ihrer IP-Adresse) an Google sowie die Verarbeitung dieser Daten durch Google verhindern, indem sie das unter dem folgenden Link verf\u00fcgbare Browser-Plugin herunterladen und installieren: http:\/\/tools.google.com\/dlpage\/gaoptout?hl=de<\/p>\n<p>IX Datenschutzerkl\u00e4rung f\u00fcr die Nutzung von Social Media<\/p>\n<p>Wir sind neben dieser Webseite auch in unterschiedlichen sozialen Medien aktiv. Soweit Sie eine unserer Seiten besuchen, werden ggf. personenbezogene Daten an den Anbieter des sozialen Netzwerks \u00fcbermittelt. Es ist m\u00f6glich, dass neben der Speicherung Ihrer Daten auch weitere Informationen von dem Anbieter des sozialen Netzwerks erhoben, verarbeitet oder genutzt werden.<\/p>\n<p>Au\u00dferdem erhebt, verarbeitet und nutzt der Anbieter des sozialen Netzwerks ggf. die wichtigsten Daten des Computersystems, von dem aus Sie dieses soziale Netzwerk besuchen. Dazu z\u00e4hlen beispielsweise Ihre IP-Adresse, der genutzte Prozessortyp und Browserversion inklusive Plug-Ins.<\/p>\n<p>Datenschutzerkl\u00e4rung f\u00fcr die Nutzung von Facebook<\/p>\n<p>Auf unseren Seiten sind Plugins des sozialen Netzwerks Facebook, Anbieter Facebook Inc., 1 Hacker Way, Menlo Park, California 94025, USA, integriert. Die Facebook-Plugins erkennen Sie an dem Facebook-Logo oder dem \u201eLike-Button\u201c (\u201eGef\u00e4llt mir\u201c) auf unserer Seite. Eine \u00dcbersicht \u00fcber die Facebook-Plugins finden Sie hier: http:\/\/developers.facebook.com\/docs\/plugins\/<\/p>\t\t\t\t\t\t\t\t<\/div>\n\t\t\t\t<\/div>\n\t\t\t\t\t<\/div>\n\t\t\t\t<\/div>\n\t\t\t\t<\/div>\n\t\t","protected":false},"excerpt":{"rendered":"<p>I Grundsatz Wir nehmen den Schutz Ihrer pers\u00f6nlichen Daten sehr ernst. Wir behandeln Ihre personenbezogenen Daten stets vertraulich und entsprechend der gesetzlichen EU-Datenschutz-Grundverordnung (DSGVO) sowie dieser Datenschutzerkl\u00e4rung. Wir erheben, verarbeiten und nutzen nur personenbezogene Daten, soweit Sie darin eingewilligt haben oder ein Gesetz dies erlaubt. Wir weisen darauf hin, dass die Daten\u00fcbertragung im Internet (z.B. [&hellip;]<\/p>\n","protected":false},"author":1,"featured_media":0,"parent":0,"menu_order":0,"comment_status":"closed","ping_status":"open","template":"","meta":{"footnotes":""},"class_list":["post-3","page","type-page","status-publish","hentry"],"_links":{"self":[{"href":"https:\/\/www.aubiose.de\/index.php\/wp-json\/wp\/v2\/pages\/3","targetHints":{"allow":["GET"]}}],"collection":[{"href":"https:\/\/www.aubiose.de\/index.php\/wp-json\/wp\/v2\/pages"}],"about":[{"href":"https:\/\/www.aubiose.de\/index.php\/wp-json\/wp\/v2\/types\/page"}],"author":[{"embeddable":true,"href":"https:\/\/www.aubiose.de\/index.php\/wp-json\/wp\/v2\/users\/1"}],"replies":[{"embeddable":true,"href":"https:\/\/www.aubiose.de\/index.php\/wp-json\/wp\/v2\/comments?post=3"}],"version-history":[{"count":6,"href":"https:\/\/www.aubiose.de\/index.php\/wp-json\/wp\/v2\/pages\/3\/revisions"}],"predecessor-version":[{"id":60,"href":"https:\/\/www.aubiose.de\/index.php\/wp-json\/wp\/v2\/pages\/3\/revisions\/60"}],"wp:attachment":[{"href":"https:\/\/www.aubiose.de\/index.php\/wp-json\/wp\/v2\/media?parent=3"}],"curies":[{"name":"wp","href":"https:\/\/api.w.org\/{rel}","templated":true}]}}